{"id":258,"date":"2018-01-22T10:17:40","date_gmt":"2018-01-22T14:17:40","guid":{"rendered":"http:\/\/ayuntamiento.o\/transparencia\/?page_id=258"},"modified":"2023-07-13T08:49:13","modified_gmt":"2023-07-13T12:49:13","slug":"responsable-de-acceso-a-la-informacion","status":"publish","type":"page","link":"https:\/\/ayuntamientodejayaco.gob.do\/transparencia\/responsable-de-acceso-a-la-informacion\/","title":{"rendered":"Responsable de Acceso a la Informaci\u00f3n"},"content":{"rendered":"<h4>Nolberto Geovanny Tejada Rosario<\/h4>\n<h4><strong>Responsable de Acceso a la Informaci\u00f3n (RAI)<\/strong><\/h4>\n<h4>Tel\u00e9fono: 849-480-7104<\/h4>\n<h4>Correo Electr\u00f3nico: ayuntamientodejayaco2007@gmail.com<\/h4>\n","protected":false},"excerpt":{"rendered":"Nolberto Geovanny Tejada Rosario Responsable de Acceso a la Informaci\u00f3n (RAI) Tel\u00e9fono: 849-480-7104 Correo Electr\u00f3nico: ayuntamientodejayaco2007@gmail.com","protected":false},"author":6,"featured_media":0,"parent":0,"menu_order":0,"comment_status":"closed","ping_status":"closed","template":"","meta":[],"acf":[],"_links":{"self":[{"href":"https:\/\/ayuntamientodejayaco.gob.do\/transparencia\/wp-json\/wp\/v2\/pages\/258"}],"collection":[{"href":"https:\/\/ayuntamientodejayaco.gob.do\/transparencia\/wp-json\/wp\/v2\/pages"}],"about":[{"href":"https:\/\/ayuntamientodejayaco.gob.do\/transparencia\/wp-json\/wp\/v2\/types\/page"}],"author":[{"embeddable":true,"href":"https:\/\/ayuntamientodejayaco.gob.do\/transparencia\/wp-json\/wp\/v2\/users\/6"}],"replies":[{"embeddable":true,"href":"https:\/\/ayuntamientodejayaco.gob.do\/transparencia\/wp-json\/wp\/v2\/comments?post=258"}],"version-history":[{"count":3,"href":"https:\/\/ayuntamientodejayaco.gob.do\/transparencia\/wp-json\/wp\/v2\/pages\/258\/revisions"}],"predecessor-version":[{"id":884,"href":"https:\/\/ayuntamientodejayaco.gob.do\/transparencia\/wp-json\/wp\/v2\/pages\/258\/revisions\/884"}],"wp:attachment":[{"href":"https:\/\/ayuntamientodejayaco.gob.do\/transparencia\/wp-json\/wp\/v2\/media?parent=258"}],"curies":[{"name":"wp","href":"https:\/\/api.w.org\/{rel}","templated":true}]}}